{"id":281,"date":"2022-05-23T11:10:53","date_gmt":"2022-05-23T11:10:53","guid":{"rendered":"http:\/\/dummy.xtemos.com\/woodmart2\/megamarket-elementor\/?page_id=281"},"modified":"2026-01-29T14:09:45","modified_gmt":"2026-01-29T14:09:45","slug":"payment-and-delivery","status":"publish","type":"page","link":"https:\/\/tema9.depodanmusteriye.com\/index.php\/payment-and-delivery\/","title":{"rendered":"Payment and Delivery"},"content":{"rendered":"\t\t<div data-elementor-type=\"wp-page\" data-elementor-id=\"281\" class=\"elementor elementor-281\">\n\t\t\t\t<div class=\"wd-negative-gap elementor-element elementor-element-0896253 e-flex e-con-boxed e-con e-parent\" data-id=\"0896253\" data-element_type=\"container\">\n\t\t\t\t\t<div class=\"e-con-inner\">\n\t\t\t\t<div class=\"elementor-element elementor-element-9c58ddf wd-width-100 elementor-widget elementor-widget-wd_title\" data-id=\"9c58ddf\" data-element_type=\"widget\" data-widget_type=\"wd_title.default\">\n\t\t\t\t<div class=\"elementor-widget-container\">\n\t\t\t\t\t\t\t<div class=\"title-wrapper wd-set-mb reset-last-child wd-title-color-default wd-title-style-default wd-title-size-large text-left\">\n\n\t\t\t\n\t\t\t<div class=\"liner-continer\">\n\t\t\t\t<h4 class=\"woodmart-title-container title wd-fontsize-xxl\">Teslimat Bilgileri<\/h4> \n\t\t\t\t\t\t\t<\/div>\n\n\t\t\t\t\t<\/div>\n\t\t\t\t\t\t<\/div>\n\t\t\t\t<\/div>\n\t\t<div class=\"elementor-element elementor-element-016b99e e-con-full e-flex e-con e-child\" data-id=\"016b99e\" data-element_type=\"container\">\n\t\t<div class=\"elementor-element elementor-element-46876db e-con-full e-flex e-con e-child\" data-id=\"46876db\" data-element_type=\"container\">\n\t\t\t\t<div class=\"elementor-element elementor-element-b2220fe wd-width-100 elementor-widget elementor-widget-wd_title\" data-id=\"b2220fe\" data-element_type=\"widget\" data-widget_type=\"wd_title.default\">\n\t\t\t\t<div class=\"elementor-widget-container\">\n\t\t\t\t\t\t\t<div class=\"title-wrapper wd-set-mb reset-last-child wd-title-color-default wd-title-style-default wd-title-size-medium text-left\">\n\n\t\t\t\n\t\t\t<div class=\"liner-continer\">\n\t\t\t\t<h4 class=\"woodmart-title-container title wd-fontsize-xl\">Sipari\u015fim ne zaman kargoya verilecek?<\/h4> \n\t\t\t\t\t\t\t<\/div>\n\n\t\t\t\t\t<\/div>\n\t\t\t\t\t\t<\/div>\n\t\t\t\t<\/div>\n\t\t\t\t<div class=\"elementor-element elementor-element-f7edee0 elementor-widget elementor-widget-wd_text_block\" data-id=\"f7edee0\" data-element_type=\"widget\" data-widget_type=\"wd_text_block.default\">\n\t\t\t\t<div class=\"elementor-widget-container\">\n\t\t\t\t\t\t\t<div class=\"wd-text-block reset-last-child text-left\">\n\t\t\t\n\t\t\t\n\t\t\t\t\t<\/div>\n\t\t\t\t\t\t<\/div>\n\t\t\t\t<\/div>\n\t\t\t\t<\/div>\n\t\t<div class=\"elementor-element elementor-element-e2d81d4 e-con-full e-flex e-con e-child\" data-id=\"e2d81d4\" data-element_type=\"container\">\n\t\t\t\t<div class=\"elementor-element elementor-element-4495a8a wd-width-100 elementor-widget elementor-widget-wd_title\" data-id=\"4495a8a\" data-element_type=\"widget\" data-widget_type=\"wd_title.default\">\n\t\t\t\t<div class=\"elementor-widget-container\">\n\t\t\t\t\t\t\t<div class=\"title-wrapper wd-set-mb reset-last-child wd-title-color-default wd-title-style-default wd-title-size-medium text-left\">\n\n\t\t\t\n\t\t\t<div class=\"liner-continer\">\n\t\t\t\t<h4 class=\"woodmart-title-container title wd-fontsize-xl\">Sipari\u015fim ne zaman kargoya verilecek?<\/h4> \n\t\t\t\t\t\t\t<\/div>\n\n\t\t\t\t\t<\/div>\n\t\t\t\t\t\t<\/div>\n\t\t\t\t<\/div>\n\t\t\t\t<div class=\"elementor-element elementor-element-8e40ea5 elementor-widget elementor-widget-wd_text_block\" data-id=\"8e40ea5\" data-element_type=\"widget\" data-widget_type=\"wd_text_block.default\">\n\t\t\t\t<div class=\"elementor-widget-container\">\n\t\t\t\t\t\t\t<div class=\"wd-text-block reset-last-child text-left\">\n\t\t\t\n\t\t\t\n\t\t\t\t\t<\/div>\n\t\t\t\t\t\t<\/div>\n\t\t\t\t<\/div>\n\t\t\t\t<\/div>\n\t\t\t\t<\/div>\n\t\t\t\t\t<\/div>\n\t\t\t\t<\/div>\n\t\t<div class=\"wd-negative-gap elementor-element elementor-element-217836e e-flex e-con-boxed e-con e-parent\" data-id=\"217836e\" data-element_type=\"container\">\n\t\t\t\t\t<div class=\"e-con-inner\">\n\t\t\t\t<div class=\"elementor-element elementor-element-1bd359d elementor-widget elementor-widget-wd_image_or_svg\" data-id=\"1bd359d\" data-element_type=\"widget\" data-widget_type=\"wd_image_or_svg.default\">\n\t\t\t\t<div class=\"elementor-widget-container\">\n\t\t\t\t\t\n\t\t<div class=\"wd-image text-left\">\n\t\t\t\t\t\t\t\t<img loading=\"lazy\" decoding=\"async\" width=\"1440\" height=\"450\" src=\"https:\/\/tema9.depodanmusteriye.com\/wp-content\/uploads\/2022\/05\/payment-and-delivery.jpg\" class=\"attachment-full size-full\" alt=\"\" \/>\t\t\t\t\t<\/div>\n\n\t\t\t\t\t\t<\/div>\n\t\t\t\t<\/div>\n\t\t\t\t<div class=\"elementor-element elementor-element-6913474 elementor-widget elementor-widget-wd_text_block\" data-id=\"6913474\" data-element_type=\"widget\" data-widget_type=\"wd_text_block.default\">\n\t\t\t\t<div class=\"elementor-widget-container\">\n\t\t\t\t\t\t\t<div class=\"wd-text-block reset-last-child text-left\">\n\t\t\t\n\t\t\t<table><tbody><tr><td width=\"214\"><strong>Kargo Metodu<\/strong><\/td><td width=\"214\"><strong>Oran<\/strong><\/td><td width=\"214\"><strong>Fiyatlar<\/strong><\/td><\/tr><tr><td width=\"214\">Aras Kargo<\/td><td width=\"214\">Sipari\u015f De\u011ferinin %10'u<\/td><td width=\"214\"><strong><span style=\"color: #1246ab;\">500 TL Alt\u0131<\/span><\/strong><\/td><\/tr><tr><td width=\"214\">Aras Kargo<\/td><td width=\"214\">\u00dccretsiz Kargo<\/td><td width=\"214\"><strong><span style=\"color: #1246ab;\">500 TL \u00dczeri<\/span><\/strong><\/td><\/tr><tr><td width=\"214\">\u00a0<\/td><td width=\"214\">\u00a0<\/td><td width=\"214\">\u00a0<\/td><\/tr><tr><td width=\"214\">\u00a0<\/td><td width=\"214\">\u00a0<\/td><td width=\"214\">\u00a0<\/td><\/tr><\/tbody><\/table>\n\t\t\t\t\t<\/div>\n\t\t\t\t\t\t<\/div>\n\t\t\t\t<\/div>\n\t\t\t\t\t<\/div>\n\t\t\t\t<\/div>\n\t\t<div class=\"wd-negative-gap elementor-element elementor-element-dd683ed e-flex e-con-boxed e-con e-parent\" data-id=\"dd683ed\" data-element_type=\"container\">\n\t\t\t\t\t<div class=\"e-con-inner\">\n\t\t<div class=\"elementor-element elementor-element-181d896 e-con-full e-flex e-con e-child\" data-id=\"181d896\" data-element_type=\"container\">\n\t\t\t\t<div class=\"elementor-element elementor-element-00cdb98 wd-width-100 elementor-widget elementor-widget-wd_title\" data-id=\"00cdb98\" data-element_type=\"widget\" data-widget_type=\"wd_title.default\">\n\t\t\t\t<div class=\"elementor-widget-container\">\n\t\t\t\t\t\t\t<div class=\"title-wrapper wd-set-mb reset-last-child wd-title-color-default wd-title-style-default wd-title-size-medium text-left\">\n\n\t\t\t\n\t\t\t<div class=\"liner-continer\">\n\t\t\t\t<h4 class=\"woodmart-title-container title wd-fontsize-xl\">Teslimat S\u00fcresi<\/h4> \n\t\t\t\t\t\t\t<\/div>\n\n\t\t\t\t\t<\/div>\n\t\t\t\t\t\t<\/div>\n\t\t\t\t<\/div>\n\t\t\t\t<div class=\"elementor-element elementor-element-f172fbd elementor-widget elementor-widget-wd_text_block\" data-id=\"f172fbd\" data-element_type=\"widget\" data-widget_type=\"wd_text_block.default\">\n\t\t\t\t<div class=\"elementor-widget-container\">\n\t\t\t\t\t\t\t<div class=\"wd-text-block reset-last-child text-left\">\n\t\t\t\n\t\t\t\n\t\t\t\t\t<\/div>\n\t\t\t\t\t\t<\/div>\n\t\t\t\t<\/div>\n\t\t\t\t<\/div>\n\t\t<div class=\"elementor-element elementor-element-869be0e e-con-full e-flex e-con e-child\" data-id=\"869be0e\" data-element_type=\"container\">\n\t\t\t\t<div class=\"elementor-element elementor-element-8a557bf wd-width-100 elementor-widget elementor-widget-wd_title\" data-id=\"8a557bf\" data-element_type=\"widget\" data-widget_type=\"wd_title.default\">\n\t\t\t\t<div class=\"elementor-widget-container\">\n\t\t\t\t\t\t\t<div class=\"title-wrapper wd-set-mb reset-last-child wd-title-color-default wd-title-style-default wd-title-size-medium text-left\">\n\n\t\t\t\n\t\t\t<div class=\"liner-continer\">\n\t\t\t\t<h4 class=\"woodmart-title-container title wd-fontsize-xl\">Takip<\/h4> \n\t\t\t\t\t\t\t<\/div>\n\n\t\t\t\t\t<\/div>\n\t\t\t\t\t\t<\/div>\n\t\t\t\t<\/div>\n\t\t\t\t<div class=\"elementor-element elementor-element-a52d675 elementor-widget elementor-widget-wd_text_block\" data-id=\"a52d675\" data-element_type=\"widget\" data-widget_type=\"wd_text_block.default\">\n\t\t\t\t<div class=\"elementor-widget-container\">\n\t\t\t\t\t\t\t<div class=\"wd-text-block reset-last-child text-left\">\n\t\t\t\n\t\t\t\n\t\t\t\t\t<\/div>\n\t\t\t\t\t\t<\/div>\n\t\t\t\t<\/div>\n\t\t\t\t<\/div>\n\t\t\t\t\t<\/div>\n\t\t\t\t<\/div>\n\t\t\t\t<\/div>\n\t\t\n    <div class=\"xs_social_share_widget xs_share_url after_content \t\tmain_content  wslu-style-1 wslu-share-box-shaped wslu-fill-colored wslu-none wslu-share-horizontal wslu-theme-font-no wslu-main_content\">\n\n\t\t\n        <ul>\n\t\t\t        <\/ul>\n    <\/div> \n","protected":false},"excerpt":{"rendered":"<p>Teslimat Bilgileri Sipari\u015fim ne zaman kargoya verilecek? Sipari\u015fim ne zaman kargoya verilecek? Kargo Metodu Oran Fiyatlar Aras Kargo Sipari\u015f De\u011ferinin<\/p>\n","protected":false},"author":1,"featured_media":0,"parent":0,"menu_order":0,"comment_status":"closed","ping_status":"closed","template":"","meta":{"postBodyCss":"","postBodyMargin":[],"postBodyPadding":[],"postBodyBackground":{"backgroundType":"classic","gradient":""},"footnotes":""},"class_list":["post-281","page","type-page","status-publish","hentry"],"_links":{"self":[{"href":"https:\/\/tema9.depodanmusteriye.com\/index.php\/wp-json\/wp\/v2\/pages\/281","targetHints":{"allow":["GET"]}}],"collection":[{"href":"https:\/\/tema9.depodanmusteriye.com\/index.php\/wp-json\/wp\/v2\/pages"}],"about":[{"href":"https:\/\/tema9.depodanmusteriye.com\/index.php\/wp-json\/wp\/v2\/types\/page"}],"author":[{"embeddable":true,"href":"https:\/\/tema9.depodanmusteriye.com\/index.php\/wp-json\/wp\/v2\/users\/1"}],"replies":[{"embeddable":true,"href":"https:\/\/tema9.depodanmusteriye.com\/index.php\/wp-json\/wp\/v2\/comments?post=281"}],"version-history":[{"count":3,"href":"https:\/\/tema9.depodanmusteriye.com\/index.php\/wp-json\/wp\/v2\/pages\/281\/revisions"}],"predecessor-version":[{"id":17428,"href":"https:\/\/tema9.depodanmusteriye.com\/index.php\/wp-json\/wp\/v2\/pages\/281\/revisions\/17428"}],"wp:attachment":[{"href":"https:\/\/tema9.depodanmusteriye.com\/index.php\/wp-json\/wp\/v2\/media?parent=281"}],"curies":[{"name":"wp","href":"https:\/\/api.w.org\/{rel}","templated":true}]}}